{"id":3539,"date":"2018-02-04T11:02:55","date_gmt":"2018-02-04T16:02:55","guid":{"rendered":"http:\/\/www.foragelle.com\/cshr\/"},"modified":"2018-07-18T13:05:11","modified_gmt":"2018-07-18T17:05:11","slug":"cshr","status":"publish","type":"page","link":"http:\/\/www.foragelle.com\/en\/cshr\/","title":{"rendered":"HRSC"},"content":{"rendered":"<div id=\"pl-3539\"  class=\"panel-layout\" ><div id=\"pg-3539-0\"  class=\"panel-grid panel-no-style\" ><div id=\"pgc-3539-0-0\"  class=\"panel-grid-cell\" ><div id=\"panel-3539-0-0-0\" class=\"so-panel widget widget_black-studio-tinymce widget_black_studio_tinymce panel-first-child\" data-index=\"0\" ><div class=\"textwidget\"><p><img class=\"aligncenter wp-image-3231 size-full\" src=\"data:image\/gif;base64,R0lGODdhAQABAPAAAP\/\/\/wAAACwAAAAAAQABAEACAkQBADs=\" data-lazy-src=\"http:\/\/www.foragelle.com\/wp-content\/uploads\/2018\/02\/Tech-LLE-cartouche.jpg\" alt=\"Technologies LLE\" width=\"661\" height=\"227\" \/><noscript><img class=\"aligncenter wp-image-3231 size-full\" src=\"data:image\/gif;base64,R0lGODdhAQABAPAAAP\/\/\/wAAACwAAAAAAQABAEACAkQBADs=\" data-lazy-src=\"http:\/\/www.foragelle.com\/wp-content\/uploads\/2018\/02\/Tech-LLE-cartouche.jpg\" alt=\"Technologies LLE\" width=\"661\" height=\"227\" \/><noscript><img class=\"aligncenter wp-image-3231 size-full\" src=\"http:\/\/www.foragelle.com\/wp-content\/uploads\/2018\/02\/Tech-LLE-cartouche.jpg\" alt=\"Technologies LLE\" width=\"661\" height=\"227\" \/><\/noscript><\/noscript><\/p>\n<\/div><\/div><div id=\"panel-3539-0-0-1\" class=\"so-panel widget widget_black-studio-tinymce widget_black_studio_tinymce panel-last-child\" data-index=\"1\" ><div class=\"textwidget\"><h2 class=\"alternative-heading\" style=\"margin-top: 0px; text-align: left;\">What is a High Resolution Site Characterization?<\/h2>\n<\/div><\/div><\/div><\/div><div id=\"pg-3539-1\"  class=\"panel-grid panel-no-style\" ><div id=\"pgc-3539-1-0\"  class=\"panel-grid-cell\" ><div id=\"panel-3539-1-0-0\" class=\"so-panel widget widget_text panel-first-child panel-last-child\" data-index=\"2\" >\t\t\t<div class=\"textwidget\"><p>High Resolution Site Characterizations (HRSC) are a set of methods and techniques used to locate the contamination affecting a site and the geophysical context in which they arise, with a precision adapted to the site&#8217;s heterogeneity, for faster and more efficient remediation (definition adapted from EPA).<\/p>\n<p>This innovative approach distinguishes itself with the use of technologies allowing continuous and fast data acquisition with uncertainties of the order of the centimeter. For exemple, figure 1 shows the results of a single probing from 0m to 11m that allows the detection of a Volatil Organic Compounds contamination plume between depths 7.2m and 9.2m (green and blue curves, at the center). Electroconductivity and hydraulic pressures, indicative of soil types, suggest that this contamination takes place after the transition between two granulometric layers.<\/p>\n<p>The results are displayed almost instantaneously and are easily interpreted directly from the site. This ability to collect a great amount of precise, continuous data in real time allows for better cost-effective decision-making with regards to environmental evaluation and site remediation. The resulting multi-scale conceptual model one can infer from the data offers an ability to understand and treat an affected site with a unprecedented accuracy in Qu\u00e9bec.<\/p>\n<p>Therefore, complementing your usual characterizations with HRSC allow not only to streamline the process and save costs, but also eliminates many great environmental and economical risks associated with the uncertainty of conventional methods. The synergy of both approaches gives environmental expert a refined understanding of the dynamics of their sites and their contaminants, all the while being more competitive and formulating optimized remediation recommendations, to the great pleasure of their client base!<\/p>\n<p>&nbsp;<\/p>\n<\/div>\n\t\t<\/div><\/div><div id=\"pgc-3539-1-1\"  class=\"panel-grid-cell\" ><div id=\"panel-3539-1-1-0\" class=\"so-panel widget widget_black-studio-tinymce widget_black_studio_tinymce panel-first-child panel-last-child\" data-index=\"3\" ><div class=\"textwidget\"><p><figure id=\"attachment_3128\" aria-describedby=\"caption-attachment-3128\" style=\"width: 700px\" class=\"wp-caption alignleft\"><img class=\"wp-image-3128 size-large\" src=\"data:image\/gif;base64,R0lGODdhAQABAPAAAP\/\/\/wAAACwAAAAAAQABAEACAkQBADs=\" data-lazy-src=\"http:\/\/www.foragelle.com\/wp-content\/uploads\/2018\/01\/logmihpt-700x672.png\" alt=\"\" width=\"700\" height=\"672\" \/><noscript><img class=\"wp-image-3128 size-large\" src=\"data:image\/gif;base64,R0lGODdhAQABAPAAAP\/\/\/wAAACwAAAAAAQABAEACAkQBADs=\" data-lazy-src=\"http:\/\/www.foragelle.com\/wp-content\/uploads\/2018\/01\/logmihpt-700x672.png\" alt=\"\" width=\"700\" height=\"672\" \/><noscript><img class=\"wp-image-3128 size-large\" src=\"http:\/\/www.foragelle.com\/wp-content\/uploads\/2018\/01\/logmihpt-700x672.png\" alt=\"\" width=\"700\" height=\"672\" \/><\/noscript><\/noscript><figcaption id=\"caption-attachment-3128\" class=\"wp-caption-text\">Figure 1. From left to right are illustrated the electroconductivity, the relative amount of VOC (two detectors, central graphs) and the hydraulic pressure of soils with respect to depth below the surface. The probing was performed from 0m to 11.2m and allowed the identification of a VOC plume infiltrated in a clay layer between 7.2m and 9.2m, right after a layer of sand between 5m and 6.8m.<\/figcaption><\/figure><\/p>\n<\/div><\/div><\/div><\/div><div id=\"pg-3539-2\"  class=\"panel-grid panel-no-style\" ><div id=\"pgc-3539-2-0\"  class=\"panel-grid-cell\" ><div id=\"panel-3539-2-0-0\" class=\"so-panel widget widget_black-studio-tinymce widget_black_studio_tinymce panel-first-child\" data-index=\"4\" ><div class=\"textwidget\"><h2 class=\"alternative-heading\" style=\"margin-top: 0px; text-align: left;\">Technologies LLE's approach<\/h2>\n<p>Technologies LLE wants nothing to do with competing with consultants and environmental experts. On the very contrary, our mission is to help you save time, money, and risks by offering the best environmental technologies on the market.<\/p>\n<p>With in mind the goal of optimizing your decisions on matters of site characterization and remediation, we take it upon ourselves to constantly be on the lookout for innovative methods and technologies in the environmental evaluation industry. Hence, while our technicians are higher qualified to answer to all your questions, we cultivate the firm conviction that our approach only takes its value by complementing\u00a0<em>your<\/em> expertise.<\/p>\n<p>Thefore, strong of a solid scientific foundation, LLE is proud to be a top choice for consultants both for drilling and HRSC services!<\/p>\n<\/div><\/div><div id=\"panel-3539-2-0-1\" class=\"so-panel widget widget_black-studio-tinymce widget_black_studio_tinymce panel-last-child\" data-index=\"5\" ><div class=\"textwidget\"><h2 class=\"alternative-heading\" style=\"margin-top: 0px; text-align: left;\">Learn more<\/h2>\n<\/div><\/div><\/div><\/div><div id=\"pg-3539-3\"  class=\"panel-grid panel-no-style\" ><div id=\"pgc-3539-3-0\"  class=\"panel-grid-cell\" ><div id=\"panel-3539-3-0-0\" class=\"so-panel widget widget_pt_featured_page widget-featured-page panel-first-child panel-last-child\" data-index=\"6\" >\t\t\t\t<div class=\"page-box page-box--block post-3539 page type-page status-publish hentry\">\n\t\t\t\t\t\t\t\t\t\t\t\t\t\t\t<a class=\"page-box__picture\" href=\"http:\/\/www.foragelle.com\/en\/cshr\/hrsc-advantages\/\"><img src=\"data:image\/gif;base64,R0lGODdhAQABAPAAAP\/\/\/wAAACwAAAAAAQABAEACAkQBADs=\" data-lazy-src=\"http:\/\/www.foragelle.com\/wp-content\/uploads\/2018\/07\/bright-bulb-close-up-1108572-360x240.jpg\" width=\"360\" height=\"240\" data-lazy-srcset=\"http:\/\/www.foragelle.com\/wp-content\/uploads\/2018\/07\/bright-bulb-close-up-1108572-360x240.jpg 360w, http:\/\/www.foragelle.com\/wp-content\/uploads\/2018\/07\/bright-bulb-close-up-1108572.jpg 7360w\" data-lazy-sizes=\"(min-width: 992px) 360px, calc(100vw - 30px)\" class=\"wp-post-image\" alt=\"HRSC advantages\"><noscript><img src=\"http:\/\/www.foragelle.com\/wp-content\/uploads\/2018\/07\/bright-bulb-close-up-1108572-360x240.jpg\" width=\"360\" height=\"240\" srcset=\"http:\/\/www.foragelle.com\/wp-content\/uploads\/2018\/07\/bright-bulb-close-up-1108572-360x240.jpg 360w, http:\/\/www.foragelle.com\/wp-content\/uploads\/2018\/07\/bright-bulb-close-up-1108572.jpg 7360w\" sizes=\"(min-width: 992px) 360px, calc(100vw - 30px)\" class=\"wp-post-image\" alt=\"HRSC advantages\"><\/noscript><\/a>\n\t\t\t\t\t\t\t\t\t\t\t\t\t\t<div class=\"page-box__content\">\n\t\t\t\t\t\t<h5 class=\"page-box__title  text-uppercase\"><a href=\"http:\/\/www.foragelle.com\/en\/cshr\/hrsc-advantages\/\">HRSC advantages<\/a><\/h5>\n\t\t\t\t\t\t<p>High Resolution Site Characterization offers many great advantages complementary to conventional sampling methods. Discover how HRSC can take your environmental projects to the next level. <\/p>\n\t\t\t\t\t\t\t\t\t\t\t\t\t<p><a href=\"http:\/\/www.foragelle.com\/en\/cshr\/hrsc-advantages\/\" class=\"read-more  read-more--page-box\">Read more<\/a><\/p>\n\t\t\t\t\t\t\t\t\t\t\t<\/div>\n\t\t\t\t<\/div>\n\n\t\t\t<\/div><\/div><div id=\"pgc-3539-3-1\"  class=\"panel-grid-cell\" ><div id=\"panel-3539-3-1-0\" class=\"so-panel widget widget_pt_featured_page widget-featured-page panel-first-child panel-last-child\" data-index=\"7\" >\t\t\t\t<div class=\"page-box page-box--block post-3539 page type-page status-publish hentry\">\n\t\t\t\t\t\t\t\t\t\t\t\t\t\t\t<a class=\"page-box__picture\" href=\"http:\/\/www.foragelle.com\/en\/cshr\/hrsc-services\/\"><img src=\"data:image\/gif;base64,R0lGODdhAQABAPAAAP\/\/\/wAAACwAAAAAAQABAEACAkQBADs=\" data-lazy-src=\"http:\/\/www.foragelle.com\/wp-content\/uploads\/2018\/07\/pexels-photo-886465-360x240.jpeg\" width=\"360\" height=\"240\" data-lazy-srcset=\"http:\/\/www.foragelle.com\/wp-content\/uploads\/2018\/07\/pexels-photo-886465-360x240.jpeg 360w, http:\/\/www.foragelle.com\/wp-content\/uploads\/2018\/07\/pexels-photo-886465.jpeg 1880w\" data-lazy-sizes=\"(min-width: 992px) 360px, calc(100vw - 30px)\" class=\"wp-post-image\" alt=\"HRSC Servives\"><noscript><img src=\"http:\/\/www.foragelle.com\/wp-content\/uploads\/2018\/07\/pexels-photo-886465-360x240.jpeg\" width=\"360\" height=\"240\" srcset=\"http:\/\/www.foragelle.com\/wp-content\/uploads\/2018\/07\/pexels-photo-886465-360x240.jpeg 360w, http:\/\/www.foragelle.com\/wp-content\/uploads\/2018\/07\/pexels-photo-886465.jpeg 1880w\" sizes=\"(min-width: 992px) 360px, calc(100vw - 30px)\" class=\"wp-post-image\" alt=\"HRSC Servives\"><\/noscript><\/a>\n\t\t\t\t\t\t\t\t\t\t\t\t\t\t<div class=\"page-box__content\">\n\t\t\t\t\t\t<h5 class=\"page-box__title  text-uppercase\"><a href=\"http:\/\/www.foragelle.com\/en\/cshr\/hrsc-services\/\">HRSC Servives<\/a><\/h5>\n\t\t\t\t\t\t<p>Discover the different practical applications that a HRSC can start playing in the characterization and remediation of contaminated sites. LLE offers many cost-efficient HRSC services, both basic and R&amp;D oriented. <\/p>\n\t\t\t\t\t\t\t\t\t\t\t\t\t<p><a href=\"http:\/\/www.foragelle.com\/en\/cshr\/hrsc-services\/\" class=\"read-more  read-more--page-box\">Read more<\/a><\/p>\n\t\t\t\t\t\t\t\t\t\t\t<\/div>\n\t\t\t\t<\/div>\n\n\t\t\t<\/div><\/div><div id=\"pgc-3539-3-2\"  class=\"panel-grid-cell\" ><div id=\"panel-3539-3-2-0\" class=\"so-panel widget widget_pt_featured_page widget-featured-page panel-first-child panel-last-child\" data-index=\"8\" >\t\t\t\t<div class=\"page-box page-box--block post-3539 page type-page status-publish hentry\">\n\t\t\t\t\t\t\t\t\t\t\t\t\t\t\t<a class=\"page-box__picture\" href=\"http:\/\/www.foragelle.com\/en\/cshr\/technologies\/\"><img src=\"data:image\/gif;base64,R0lGODdhAQABAPAAAP\/\/\/wAAACwAAAAAAQABAEACAkQBADs=\" data-lazy-src=\"http:\/\/www.foragelle.com\/wp-content\/uploads\/2018\/02\/Fichier_000-360x240.jpeg\" width=\"360\" height=\"240\" data-lazy-srcset=\"http:\/\/www.foragelle.com\/wp-content\/uploads\/2018\/02\/Fichier_000-360x240.jpeg 360w, http:\/\/www.foragelle.com\/wp-content\/uploads\/2018\/02\/Fichier_000.jpeg 4000w\" data-lazy-sizes=\"(min-width: 992px) 360px, calc(100vw - 30px)\" class=\"wp-post-image\" alt=\"Les outils de Technologies LLE\"><noscript><img src=\"http:\/\/www.foragelle.com\/wp-content\/uploads\/2018\/02\/Fichier_000-360x240.jpeg\" width=\"360\" height=\"240\" srcset=\"http:\/\/www.foragelle.com\/wp-content\/uploads\/2018\/02\/Fichier_000-360x240.jpeg 360w, http:\/\/www.foragelle.com\/wp-content\/uploads\/2018\/02\/Fichier_000.jpeg 4000w\" sizes=\"(min-width: 992px) 360px, calc(100vw - 30px)\" class=\"wp-post-image\" alt=\"Les outils de Technologies LLE\"><\/noscript><\/a>\n\t\t\t\t\t\t\t\t\t\t\t\t\t\t<div class=\"page-box__content\">\n\t\t\t\t\t\t<h5 class=\"page-box__title  text-uppercase\"><a href=\"http:\/\/www.foragelle.com\/en\/cshr\/technologies\/\">Les outils de Technologies LLE<\/a><\/h5>\n\t\t\t\t\t\t<p>Plusieurs outils sp\u00e9cialis\u00e9s sont mis \u00e0 votre disposition pour r\u00e9pondre \u00e0 vos besoins pr\u00e9cis. Venez d\u00e9couvrir notre flotte de sonde et leur fonctionnement. <\/p>\n\t\t\t\t\t\t\t\t\t\t\t\t\t<p><a href=\"http:\/\/www.foragelle.com\/en\/cshr\/technologies\/\" class=\"read-more  read-more--page-box\">Read more<\/a><\/p>\n\t\t\t\t\t\t\t\t\t\t\t<\/div>\n\t\t\t\t<\/div>\n\n\t\t\t<\/div><\/div><\/div><div id=\"pg-3539-4\"  class=\"panel-grid panel-no-style\" ><div id=\"pgc-3539-4-0\"  class=\"panel-grid-cell\" ><div id=\"panel-3539-4-0-0\" class=\"so-panel widget widget_black-studio-tinymce widget_black_studio_tinymce panel-first-child panel-last-child\" data-index=\"9\" ><div class=\"textwidget\"><h2 class=\"alternative-heading\" style=\"text-align: left;\">Questions? Contact us today!<\/h2>\n<p>We are convinced that it is first and foremost\u00a0<em>your<\/em> needs that will shape the development of these methodological advances. As a national leader in environmental innovations, it goes without saying that the responsibility of proving the efficiency of our methods completely relies on us. Therefore, do not hesitate if you have questions or concerns regarding the application of our technologies to your project or the limits of our methods.<\/p>\n<p>.<\/p>\n<p style=\"text-align: center;\"><a class=\"btn  btn-primary\" href=\"\/contact\" target=\"_blank\">CONTACT US!<\/a><\/p>\n<\/div><\/div><\/div><\/div><\/div>","protected":false},"excerpt":{"rendered":"<p>What is a High Resolution Site Characterization? High Resolution Site Characterizations (HRSC) are a set of methods and techniques used to locate the contamination affecting a site and the geophysical context in which they arise, with a precision adapted to the site&#8217;s heterogeneity, for faster and more efficient remediation (definition adapted from EPA). This innovative &hellip;<\/p>\n","protected":false},"author":6,"featured_media":0,"parent":0,"menu_order":0,"comment_status":"closed","ping_status":"open","template":"","meta":[],"yoast_head":"<!-- This site is optimized with the Yoast SEO plugin v15.9 - https:\/\/yoast.com\/wordpress\/plugins\/seo\/ -->\n<title>High Resolution Site Characterization \u2013 Forage LLE<\/title>\n<meta name=\"description\" content=\"Team up with Technologies LLE for your High Resolution Site Characterization (HRSC) and start saving time, money and risks on your environmental characterization and remediation projects by complementing them with this fast, precise and cost-effective innovative characterization technique.\" \/>\n<meta name=\"robots\" content=\"index, follow, max-snippet:-1, max-image-preview:large, max-video-preview:-1\" \/>\n<link rel=\"canonical\" href=\"https:\/\/www.foragelle.com\/en\/cshr\/\" \/>\n<meta property=\"og:locale\" content=\"en_US\" \/>\n<meta property=\"og:type\" content=\"article\" \/>\n<meta property=\"og:title\" content=\"High Resolution Site Characterization \u2013 Forage LLE\" \/>\n<meta property=\"og:description\" content=\"Team up with Technologies LLE for your High Resolution Site Characterization (HRSC) and start saving time, money and risks on your environmental characterization and remediation projects by complementing them with this fast, precise and cost-effective innovative characterization technique.\" \/>\n<meta property=\"og:url\" content=\"https:\/\/www.foragelle.com\/en\/cshr\/\" \/>\n<meta property=\"og:site_name\" content=\"Forage LLE\" \/>\n<meta property=\"article:publisher\" content=\"https:\/\/www.facebook.com\/foragelle\/\" \/>\n<meta property=\"article:modified_time\" content=\"2018-07-18T17:05:11+00:00\" \/>\n<meta property=\"og:image\" content=\"http:\/\/www.foragelle.com\/wp-content\/uploads\/2018\/02\/Tech-LLE-cartouche.jpg\" \/>\n<meta name=\"twitter:card\" content=\"summary\" \/>\n<meta name=\"twitter:label1\" content=\"Est. reading time\">\n\t<meta name=\"twitter:data1\" content=\"3 minutes\">\n<script type=\"application\/ld+json\" class=\"yoast-schema-graph\">{\"@context\":\"https:\/\/schema.org\",\"@graph\":[{\"@type\":\"Organization\",\"@id\":\"https:\/\/www.foragelle.com\/#organization\",\"name\":\"Forage LLE\",\"url\":\"https:\/\/www.foragelle.com\/\",\"sameAs\":[\"https:\/\/www.facebook.com\/foragelle\/\",\"https:\/\/www.linkedin.com\/company\/forage-lle\"],\"logo\":{\"@type\":\"ImageObject\",\"@id\":\"https:\/\/www.foragelle.com\/#logo\",\"inLanguage\":\"en-CA\",\"url\":\"http:\/\/www.foragelle.com\/wp-content\/uploads\/2016\/11\/logo-forage-lle-historique-1.png\",\"width\":204,\"height\":280,\"caption\":\"Forage LLE\"},\"image\":{\"@id\":\"https:\/\/www.foragelle.com\/#logo\"}},{\"@type\":\"WebSite\",\"@id\":\"https:\/\/www.foragelle.com\/#website\",\"url\":\"https:\/\/www.foragelle.com\/\",\"name\":\"Forage LLE\",\"description\":\"\",\"publisher\":{\"@id\":\"https:\/\/www.foragelle.com\/#organization\"},\"potentialAction\":[{\"@type\":\"SearchAction\",\"target\":\"https:\/\/www.foragelle.com\/?s={search_term_string}\",\"query-input\":\"required name=search_term_string\"}],\"inLanguage\":\"en-CA\"},{\"@type\":\"ImageObject\",\"@id\":\"https:\/\/www.foragelle.com\/en\/cshr\/#primaryimage\",\"inLanguage\":\"en-CA\",\"url\":\"http:\/\/www.foragelle.com\/wp-content\/uploads\/2018\/02\/Tech-LLE-cartouche.jpg\",\"width\":661,\"height\":227,\"caption\":\"Technologies LLE\"},{\"@type\":\"WebPage\",\"@id\":\"https:\/\/www.foragelle.com\/en\/cshr\/#webpage\",\"url\":\"https:\/\/www.foragelle.com\/en\/cshr\/\",\"name\":\"High Resolution Site Characterization \\u2013 Forage LLE\",\"isPartOf\":{\"@id\":\"https:\/\/www.foragelle.com\/#website\"},\"primaryImageOfPage\":{\"@id\":\"https:\/\/www.foragelle.com\/en\/cshr\/#primaryimage\"},\"datePublished\":\"2018-02-04T16:02:55+00:00\",\"dateModified\":\"2018-07-18T17:05:11+00:00\",\"description\":\"Team up with Technologies LLE for your High Resolution Site Characterization (HRSC) and start saving time, money and risks on your environmental characterization and remediation projects by complementing them with this fast, precise and cost-effective innovative characterization technique.\",\"breadcrumb\":{\"@id\":\"https:\/\/www.foragelle.com\/en\/cshr\/#breadcrumb\"},\"inLanguage\":\"en-CA\",\"potentialAction\":[{\"@type\":\"ReadAction\",\"target\":[\"https:\/\/www.foragelle.com\/en\/cshr\/\"]}]},{\"@type\":\"BreadcrumbList\",\"@id\":\"https:\/\/www.foragelle.com\/en\/cshr\/#breadcrumb\",\"itemListElement\":[{\"@type\":\"ListItem\",\"position\":1,\"item\":{\"@type\":\"WebPage\",\"@id\":\"http:\/\/www.foragelle.com\/en\/\",\"url\":\"http:\/\/www.foragelle.com\/en\/\",\"name\":\"Accueil\"}},{\"@type\":\"ListItem\",\"position\":2,\"item\":{\"@type\":\"WebPage\",\"@id\":\"https:\/\/www.foragelle.com\/en\/cshr\/\",\"url\":\"https:\/\/www.foragelle.com\/en\/cshr\/\",\"name\":\"HRSC\"}}]}]}<\/script>\n<!-- \/ Yoast SEO plugin. -->","amp_validity":null,"amp_enabled":true,"_links":{"self":[{"href":"http:\/\/www.foragelle.com\/en\/wp-json\/wp\/v2\/pages\/3539"}],"collection":[{"href":"http:\/\/www.foragelle.com\/en\/wp-json\/wp\/v2\/pages"}],"about":[{"href":"http:\/\/www.foragelle.com\/en\/wp-json\/wp\/v2\/types\/page"}],"author":[{"embeddable":true,"href":"http:\/\/www.foragelle.com\/en\/wp-json\/wp\/v2\/users\/6"}],"replies":[{"embeddable":true,"href":"http:\/\/www.foragelle.com\/en\/wp-json\/wp\/v2\/comments?post=3539"}],"version-history":[{"count":11,"href":"http:\/\/www.foragelle.com\/en\/wp-json\/wp\/v2\/pages\/3539\/revisions"}],"predecessor-version":[{"id":3550,"href":"http:\/\/www.foragelle.com\/en\/wp-json\/wp\/v2\/pages\/3539\/revisions\/3550"}],"wp:attachment":[{"href":"http:\/\/www.foragelle.com\/en\/wp-json\/wp\/v2\/media?parent=3539"}],"curies":[{"name":"wp","href":"https:\/\/api.w.org\/{rel}","templated":true}]}}